{"id":2,"date":"2016-05-25T17:36:42","date_gmt":"2016-05-25T15:36:42","guid":{"rendered":"http:\/\/ibmueller.com\/rotorq_wordpress\/?page_id=2"},"modified":"2025-07-09T20:35:31","modified_gmt":"2025-07-09T18:35:31","slug":"dienstleistungen","status":"publish","type":"page","link":"https:\/\/rotorq.de\/en\/dienstleistungen\/","title":{"rendered":"Dienstleistungen"},"content":{"rendered":"<div id=\"pl-2\"  class=\"panel-layout\" ><div id=\"pg-2-0\"  class=\"panel-grid panel-no-style\" ><div id=\"pgc-2-0-0\"  class=\"panel-grid-cell\" ><div id=\"panel-2-0-0-0\" class=\"so-panel widget widget_sow-image panel-first-child\" data-index=\"0\" ><div\n\t\t\t\n\t\t\tclass=\"so-widget-sow-image so-widget-sow-image-default-8b5b6f678277-2\"\n\t\t\t\n\t\t>\n<div class=\"sow-image-container\">\n\t\t<img \n\tsrc=\"https:\/\/rotorq.de\/wp-content\/uploads\/2017\/03\/Fotolia_92310272_S.jpg\" width=\"849\" height=\"566\" srcset=\"https:\/\/rotorq.de\/wp-content\/uploads\/2017\/03\/Fotolia_92310272_S.jpg 849w, https:\/\/rotorq.de\/wp-content\/uploads\/2017\/03\/Fotolia_92310272_S-300x200.jpg 300w, https:\/\/rotorq.de\/wp-content\/uploads\/2017\/03\/Fotolia_92310272_S-768x512.jpg 768w, https:\/\/rotorq.de\/wp-content\/uploads\/2017\/03\/Fotolia_92310272_S-272x182.jpg 272w\" sizes=\"(max-width: 849px) 100vw, 849px\" title=\"businessman hand working with modern technology and digital laye\" alt=\"\" \t\tclass=\"so-widget-image\"\/>\n\t<\/div>\n\n<\/div><\/div><div id=\"panel-2-0-0-1\" class=\"so-panel widget widget_toggles panel-last-child\" data-index=\"1\" ><div\n\t\t\t\n\t\t\tclass=\"so-widget-toggles so-widget-toggles-toggles-style-d336bebf7b58-2\"\n\t\t\t\n\t\t>\r\n\r\n    <h3 class=\"widget-title\">\r\n        <span>F &amp; E<\/span>\r\n    <\/h3>\r\n\r\n\r\n<div class=\"soua-main\">\r\n        <div class=\"soua-accordion\">\r\n        <a class=\"soua-accordion-title \">\r\n        <div class=\" left_b  bg \">\r\n        \r\n        \t\r\n                <div class=\"soua-accordion-icon-left\">\r\n        <span class=\"sow-icon-fontawesome sow-far\" data-sow-icon=\"&#xf07c;\"\n\t\t \n\t\taria-hidden=\"true\"><\/span>        <\/div>\r\n    \t    \t\r\n        Dynamische Systeme\r\n        \r\n    \t<\/div>\r\n        <\/a>\r\n        <div class=\"soua-accordion-content\"  style=\"padding: 15px\"; > <p>&gt; Schwingungsdynamik<br \/>\n&gt; Rotordynamik<br \/>\n&gt; Wuchten<br \/>\n&gt;\u00a0Schleudern<br \/>\n&gt;\u00a0Str\u00f6mungsmechanik<br \/>\n&gt; Aerodynamik<br \/>\n&gt; Thermodynamik<br \/>\n&gt;\u00a0Bildverarbeitung<\/p>\n<\/div>\r\n    <\/div>\r\n        <div class=\"soua-accordion\">\r\n        <a class=\"soua-accordion-title \">\r\n        <div class=\" left_b  bg \">\r\n        \r\n        \t\r\n                <div class=\"soua-accordion-icon-left\">\r\n        <span class=\"sow-icon-fontawesome sow-far\" data-sow-icon=\"&#xf07c;\"\n\t\t \n\t\taria-hidden=\"true\"><\/span>        <\/div>\r\n    \t    \t\r\n        Technologieentwicklung\r\n        \r\n    \t<\/div>\r\n        <\/a>\r\n        <div class=\"soua-accordion-content\"  style=\"padding: 15px\"; > <p>Wir entwickeln Ihre Anforderungen mit unserem Know-How und unseren Erfahrungen.<\/p>\n<p>F\u00fcr Entwicklungen zu Rotoren, E-Rotoren, Pr\u00fcfst\u00e4nden und Pr\u00fcfstandsmesstechniken bieten wir zus\u00e4tzlich Dienstleistungen in folgenden Drehzahlbereichen an:<\/p>\n<p>&nbsp;<\/p>\n<p>Schleuderversuche,<br \/>\nje nach Rotordurchmesser:<\/p>\n<p>Drehzahlen<br \/>\nbis 60.000 [1\/min]<br \/>\nbis 220.000 [1\/min]<\/p>\n<p>Berstversuche,<br \/>\nje nach Rotordurchmesser:<\/p>\n<p>Drehzahlen<br \/>\nbis 60.000 [1\/min]<br \/>\nbis 220.000 [1\/min]<\/p>\n<p>Berstschutz und Berstschutzsysteme<\/p>\n<p>Wuchten von Rotoren,<br \/>\nje nach Kundenanforderungen<\/p>\n<\/div>\r\n    <\/div>\r\n        <div class=\"soua-accordion\">\r\n        <a class=\"soua-accordion-title \">\r\n        <div class=\" left_b  bg \">\r\n        \r\n        \t\r\n                <div class=\"soua-accordion-icon-left\">\r\n        <span class=\"sow-icon-fontawesome sow-far\" data-sow-icon=\"&#xf07c;\"\n\t\t \n\t\taria-hidden=\"true\"><\/span>        <\/div>\r\n    \t    \t\r\n        Entwicklungsbegleitung\r\n        \r\n    \t<\/div>\r\n        <\/a>\r\n        <div class=\"soua-accordion-content\"  style=\"padding: 15px\"; > <p>Wir begleiten Ihre Forschung &amp; Entwicklung\u00a0 mit unserem Know-How und unseren Erfahrungen.<\/p>\n<\/div>\r\n    <\/div>\r\n        <div class=\"soua-accordion\">\r\n        <a class=\"soua-accordion-title \">\r\n        <div class=\" left_b  bg \">\r\n        \r\n        \t\r\n                <div class=\"soua-accordion-icon-left\">\r\n        <span class=\"sow-icon-fontawesome sow-far\" data-sow-icon=\"&#xf07c;\"\n\t\t \n\t\taria-hidden=\"true\"><\/span>        <\/div>\r\n    \t    \t\r\n        F&amp;E - Netzwerk\r\n        \r\n    \t<\/div>\r\n        <\/a>\r\n        <div class=\"soua-accordion-content\"  style=\"padding: 15px\"; > <p>Wir unterst\u00fctzen Sie auch in Verbindung mit unseren F&amp;E - Netzwerkpartnern, den jeweiligen Anspr\u00fcchen Ihrer Aufgabenstellung entsprechend.<\/p><\/div>\r\n    <\/div>\r\n    <\/div><!-- \/ accordion -->\r\n\r\n<\/div><\/div><\/div><div id=\"pgc-2-0-1\"  class=\"panel-grid-cell\" ><div id=\"panel-2-0-1-0\" class=\"so-panel widget widget_sow-image panel-first-child\" data-index=\"2\" ><div\n\t\t\t\n\t\t\tclass=\"so-widget-sow-image so-widget-sow-image-default-8b5b6f678277-2\"\n\t\t\t\n\t\t>\n<div class=\"sow-image-container\">\n\t\t<img \n\tsrc=\"https:\/\/rotorq.de\/wp-content\/uploads\/2017\/03\/Fotolia_104011897_S.jpg\" width=\"849\" height=\"566\" srcset=\"https:\/\/rotorq.de\/wp-content\/uploads\/2017\/03\/Fotolia_104011897_S.jpg 849w, https:\/\/rotorq.de\/wp-content\/uploads\/2017\/03\/Fotolia_104011897_S-300x200.jpg 300w, https:\/\/rotorq.de\/wp-content\/uploads\/2017\/03\/Fotolia_104011897_S-768x512.jpg 768w, https:\/\/rotorq.de\/wp-content\/uploads\/2017\/03\/Fotolia_104011897_S-272x182.jpg 272w\" sizes=\"(max-width: 849px) 100vw, 849px\" title=\"Technical drawing and caliper parts &#8211; steel and gear.\" alt=\"\" \t\tclass=\"so-widget-image\"\/>\n\t<\/div>\n\n<\/div><\/div><div id=\"panel-2-0-1-1\" class=\"so-panel widget widget_toggles panel-last-child\" data-index=\"3\" ><div\n\t\t\t\n\t\t\tclass=\"so-widget-toggles so-widget-toggles-toggles-style-d336bebf7b58-2\"\n\t\t\t\n\t\t>\r\n\r\n    <h3 class=\"widget-title\">\r\n        <span>Engineering<\/span>\r\n    <\/h3>\r\n\r\n\r\n<div class=\"soua-main\">\r\n        <div class=\"soua-accordion\">\r\n        <a class=\"soua-accordion-title \">\r\n        <div class=\" right_b  bg \">\r\n        \r\n        \t\r\n                <div class=\"soua-accordion-icon-left\">\r\n        <span class=\"sow-icon-fontawesome sow-far\" data-sow-icon=\"&#xf07c;\"\n\t\t \n\t\taria-hidden=\"true\"><\/span>        <\/div>\r\n    \t    \t\r\n        Mechatronische Anlagen\r\n        \r\n    \t<\/div>\r\n        <\/a>\r\n        <div class=\"soua-accordion-content\"  style=\"padding: 15px\"; > <p>Systeme und Anlagen der:<br \/> &gt; Montage- und Pr\u00fcftechnik<br \/> &gt; E-Mobilit\u00e4t<br \/> &gt; Energiespeichertechnik<br \/> &gt;\u00a0Bildverarbeitung<\/p>\n<\/div>\r\n    <\/div>\r\n        <div class=\"soua-accordion\">\r\n        <a class=\"soua-accordion-title \">\r\n        <div class=\" right_b  bg \">\r\n        \r\n        \t\r\n                <div class=\"soua-accordion-icon-left\">\r\n        <span class=\"sow-icon-fontawesome sow-far\" data-sow-icon=\"&#xf07c;\"\n\t\t \n\t\taria-hidden=\"true\"><\/span>        <\/div>\r\n    \t    \t\r\n        Konstruktion\r\n        \r\n    \t<\/div>\r\n        <\/a>\r\n        <div class=\"soua-accordion-content\"  style=\"padding: 15px\"; > <p>&gt; Pr\u00fcfst\u00e4nde f\u00fcr E-Maschinen<br \/> &gt; Pr\u00fcfst\u00e4nde f\u00fcr Messtechnik<br \/> &gt; Schwungradsysteme<br \/> &gt; Berstschutzsysteme<br \/> &gt; Fundamentauslegung<\/p>\n<p>CAD mit SolidWorks<\/p>\n<\/div>\r\n    <\/div>\r\n        <div class=\"soua-accordion\">\r\n        <a class=\"soua-accordion-title \">\r\n        <div class=\" right_b  bg \">\r\n        \r\n        \t\r\n                <div class=\"soua-accordion-icon-left\">\r\n        <span class=\"sow-icon-fontawesome sow-far\" data-sow-icon=\"&#xf07c;\"\n\t\t \n\t\taria-hidden=\"true\"><\/span>        <\/div>\r\n    \t    \t\r\n        Dynamische Systeme\r\n        \r\n    \t<\/div>\r\n        <\/a>\r\n        <div class=\"soua-accordion-content\"  style=\"padding: 15px\"; > <p><strong>Berechnungsmethoden:<\/strong><br \/> &gt; Schwingungsdynamik: eigene<br \/> &gt;\u00a0Rotordynamik: eigene<br \/> &gt;\u00a0Str\u00f6mungsmechanik: CFD<br \/> &gt; Aerodynamik: CFD<br \/> &gt; Partikelstr\u00f6mung: eigene<br \/> &gt;\u00a0Thermodynamik: CFD<br \/> &gt; Strukturmechanik: FEM<\/p>\n<\/div>\r\n    <\/div>\r\n        <div class=\"soua-accordion\">\r\n        <a class=\"soua-accordion-title \">\r\n        <div class=\" right_b  bg \">\r\n        \r\n        \t\r\n                <div class=\"soua-accordion-icon-left\">\r\n        <span class=\"sow-icon-fontawesome sow-far\" data-sow-icon=\"&#xf07c;\"\n\t\t \n\t\taria-hidden=\"true\"><\/span>        <\/div>\r\n    \t    \t\r\n        Numerische Berechnung\r\n        \r\n    \t<\/div>\r\n        <\/a>\r\n        <div class=\"soua-accordion-content\"  style=\"padding: 15px\"; > <p>Wir entwickeln und erstellen mathematische Algorithmen f\u00fcr Ihre Probleml\u00f6sung und setzen diese in g\u00e4ngige Software um.<br \/> Beipiele: Betriebsfestigkeit, Bauteillebensdauer, statistische Verfahren.<\/p>\n<\/div>\r\n    <\/div>\r\n        <div class=\"soua-accordion\">\r\n        <a class=\"soua-accordion-title \">\r\n        <div class=\" right_b  bg \">\r\n        \r\n        \t\r\n                <div class=\"soua-accordion-icon-left\">\r\n        <span class=\"sow-icon-fontawesome sow-far\" data-sow-icon=\"&#xf07c;\"\n\t\t \n\t\taria-hidden=\"true\"><\/span>        <\/div>\r\n    \t    \t\r\n        Messtechnik\r\n        \r\n    \t<\/div>\r\n        <\/a>\r\n        <div class=\"soua-accordion-content\"  style=\"padding: 15px\"; > <p>Messverfahren:<\/p>\n<p>&gt; Aerodynamik<br \/> &gt;\u00a0Rotordynamik<br \/> &gt; Thermodynamik<br \/>&gt; Schwingungsdynamik<br \/> &gt; Strukturdynamik<br \/>&gt; Partikeldynamik<\/p>\n<p>in praxi:<br \/> &gt; Windkanal<br \/> &gt; Kalibrierkanal<br \/>&gt; Temperierkanal<br \/>&gt; Rotationspr\u00fcfst\u00e4nde<br \/>&gt; Sondermaschinen<br \/>&gt; Schwei\u00dfanlagen<\/p>\n<\/div>\r\n    <\/div>\r\n        <div class=\"soua-accordion\">\r\n        <a class=\"soua-accordion-title \">\r\n        <div class=\" right_b  bg \">\r\n        \r\n        \t\r\n                <div class=\"soua-accordion-icon-left\">\r\n        <span class=\"sow-icon-fontawesome sow-far\" data-sow-icon=\"&#xf07c;\"\n\t\t \n\t\taria-hidden=\"true\"><\/span>        <\/div>\r\n    \t    \t\r\n        FMEA - Moderation\r\n        \r\n    \t<\/div>\r\n        <\/a>\r\n        <div class=\"soua-accordion-content\"  style=\"padding: 15px\"; > Auftragsbezogene Durchf\u00fchrung von Konstruktions-, Produkt- und Prozess - FMEAs <\/div>\r\n    <\/div>\r\n        <div class=\"soua-accordion\">\r\n        <a class=\"soua-accordion-title \">\r\n        <div class=\" right_b  bg \">\r\n        \r\n        \t\r\n                <div class=\"soua-accordion-icon-left\">\r\n        <span class=\"sow-icon-fontawesome sow-far\" data-sow-icon=\"&#xf07c;\"\n\t\t \n\t\taria-hidden=\"true\"><\/span>        <\/div>\r\n    \t    \t\r\n        Experten - Netzwerk\r\n        \r\n    \t<\/div>\r\n        <\/a>\r\n        <div class=\"soua-accordion-content\"  style=\"padding: 15px\"; > <p>&gt; Schwingungstechnik<br \/> &gt; Lagerungstechnik<br \/> &gt; Mathematik<\/p>\n<\/div>\r\n    <\/div>\r\n    <\/div><!-- \/ accordion -->\r\n\r\n<\/div><\/div><\/div><div id=\"pgc-2-0-2\"  class=\"panel-grid-cell\" ><div id=\"panel-2-0-2-0\" class=\"so-panel widget widget_sow-image panel-first-child\" data-index=\"4\" ><div\n\t\t\t\n\t\t\tclass=\"so-widget-sow-image so-widget-sow-image-default-8b5b6f678277-2\"\n\t\t\t\n\t\t>\n<div class=\"sow-image-container\">\n\t\t<img \n\tsrc=\"https:\/\/rotorq.de\/wp-content\/uploads\/2017\/03\/Fotolia_94799542_S.jpg\" width=\"849\" height=\"566\" srcset=\"https:\/\/rotorq.de\/wp-content\/uploads\/2017\/03\/Fotolia_94799542_S.jpg 849w, https:\/\/rotorq.de\/wp-content\/uploads\/2017\/03\/Fotolia_94799542_S-300x200.jpg 300w, https:\/\/rotorq.de\/wp-content\/uploads\/2017\/03\/Fotolia_94799542_S-768x512.jpg 768w, https:\/\/rotorq.de\/wp-content\/uploads\/2017\/03\/Fotolia_94799542_S-272x182.jpg 272w\" sizes=\"(max-width: 849px) 100vw, 849px\" title=\"Waves of blue light and businessman using on laptop computer as\" alt=\"\" \t\tclass=\"so-widget-image\"\/>\n\t<\/div>\n\n<\/div><\/div><div id=\"panel-2-0-2-1\" class=\"so-panel widget widget_toggles panel-last-child\" data-index=\"5\" ><div\n\t\t\t\n\t\t\tclass=\"so-widget-toggles so-widget-toggles-toggles-style-d336bebf7b58-2\"\n\t\t\t\n\t\t>\r\n\r\n    <h3 class=\"widget-title\">\r\n        <span>Projektmanagement<\/span>\r\n    <\/h3>\r\n\r\n\r\n<div class=\"soua-main\">\r\n        <div class=\"soua-accordion\">\r\n        <a class=\"soua-accordion-title \">\r\n        <div class=\" right_b  bg \">\r\n        \r\n        \t\r\n                <div class=\"soua-accordion-icon-left\">\r\n        <span class=\"sow-icon-fontawesome sow-far\" data-sow-icon=\"&#xf07c;\"\n\t\t \n\t\taria-hidden=\"true\"><\/span>        <\/div>\r\n    \t    \t\r\n        National und International\r\n        \r\n    \t<\/div>\r\n        <\/a>\r\n        <div class=\"soua-accordion-content\"  style=\"padding: 15px\"; > <p><strong>Nationales und internationales Projektmanagement f\u00fcr<\/strong><\/p>\n<p>Systeme und Anlagen der :<br \/> &gt; Montage- und Pr\u00fcftechnik<br \/> &gt; E-Mobilit\u00e4t<br \/> &gt; Energiespeichertechnik<\/p>\n<\/div>\r\n    <\/div>\r\n        <div class=\"soua-accordion\">\r\n        <a class=\"soua-accordion-title \">\r\n        <div class=\" right_b  bg \">\r\n        \r\n        \t\r\n                <div class=\"soua-accordion-icon-left\">\r\n        <span class=\"sow-icon-fontawesome sow-far\" data-sow-icon=\"&#xf07c;\"\n\t\t \n\t\taria-hidden=\"true\"><\/span>        <\/div>\r\n    \t    \t\r\n        Gesamt- und Teilanlagen\r\n        \r\n    \t<\/div>\r\n        <\/a>\r\n        <div class=\"soua-accordion-content\"  style=\"padding: 15px\"; > <p>Gesamtanlagen:<br \/> &gt; Teilanlagen<br \/> &gt; einzelne Stationen<br \/> &gt; Maschinen im Verbund<br \/> &gt; einzelne Maschinen<br \/> &gt; Roboter<\/p>\n<p>Bildverarbeitung:<br \/> &gt; Inline-Pr\u00fcftechnik<br \/> &gt; Quality-Inspection<br \/> &gt; Lichtschnittverfahren<br \/> &gt; Mikroskopie<\/p>\n<\/div>\r\n    <\/div>\r\n        <div class=\"soua-accordion\">\r\n        <a class=\"soua-accordion-title \">\r\n        <div class=\" right_b  bg \">\r\n        \r\n        \t\r\n                <div class=\"soua-accordion-icon-left\">\r\n        <span class=\"sow-icon-fontawesome sow-far\" data-sow-icon=\"&#xf07c;\"\n\t\t \n\t\taria-hidden=\"true\"><\/span>        <\/div>\r\n    \t    \t\r\n        Schnittstellenmanagement\r\n        \r\n    \t<\/div>\r\n        <\/a>\r\n        <div class=\"soua-accordion-content\"  style=\"padding: 15px\"; > Wir arbeiten an den Schnittstellen verschiedener wissenschaftlicher und technischer Disziplinen um durch interdisziplin\u00e4ren Austausch neue Wege zu erkunden und zu entwickeln. Dies gilt gleicherma\u00dfen f\u00fcr Menschen, Produkten und Prozesse.<\/div>\r\n    <\/div>\r\n        <div class=\"soua-accordion\">\r\n        <a class=\"soua-accordion-title \">\r\n        <div class=\" right_b  bg \">\r\n        \r\n        \t\r\n                <div class=\"soua-accordion-icon-left\">\r\n        <span class=\"sow-icon-fontawesome sow-far\" data-sow-icon=\"&#xf07c;\"\n\t\t \n\t\taria-hidden=\"true\"><\/span>        <\/div>\r\n    \t    \t\r\n        PJM - Netzwerk\r\n        \r\n    \t<\/div>\r\n        <\/a>\r\n        <div class=\"soua-accordion-content\"  style=\"padding: 15px\"; > Entsprechend Ihrer jeweiligen Aufgabenstellung unterst\u00fctzen wir Sie mit unserem Projektmanagement-Netzwerk, mittels erfahrenen Spezialisten und\/oder Generalisten.<\/div>\r\n    <\/div>\r\n    <\/div><!-- \/ accordion -->\r\n\r\n<\/div><\/div><\/div><div id=\"pgc-2-0-3\"  class=\"panel-grid-cell\" ><div id=\"panel-2-0-3-0\" class=\"so-panel widget widget_sow-image panel-first-child\" data-index=\"6\" ><div\n\t\t\t\n\t\t\tclass=\"so-widget-sow-image so-widget-sow-image-default-8b5b6f678277-2\"\n\t\t\t\n\t\t>\n<div class=\"sow-image-container\">\n\t\t<img \n\tsrc=\"https:\/\/rotorq.de\/wp-content\/uploads\/2017\/03\/Fotolia_78071686_S_beschn.jpg\" width=\"757\" height=\"505\" srcset=\"https:\/\/rotorq.de\/wp-content\/uploads\/2017\/03\/Fotolia_78071686_S_beschn.jpg 757w, https:\/\/rotorq.de\/wp-content\/uploads\/2017\/03\/Fotolia_78071686_S_beschn-300x200.jpg 300w, https:\/\/rotorq.de\/wp-content\/uploads\/2017\/03\/Fotolia_78071686_S_beschn-272x182.jpg 272w\" sizes=\"(max-width: 757px) 100vw, 757px\" title=\"Double exposure of businessman shows modern technology as concept\" alt=\"\" \t\tclass=\"so-widget-image\"\/>\n\t<\/div>\n\n<\/div><\/div><div id=\"panel-2-0-3-1\" class=\"so-panel widget widget_toggles panel-last-child\" data-index=\"7\" ><div\n\t\t\t\n\t\t\tclass=\"so-widget-toggles so-widget-toggles-toggles-style-d336bebf7b58-2\"\n\t\t\t\n\t\t>\r\n\r\n    <h3 class=\"widget-title\">\r\n        <span>Beratung<\/span>\r\n    <\/h3>\r\n\r\n\r\n<div class=\"soua-main\">\r\n        <div class=\"soua-accordion\">\r\n        <a class=\"soua-accordion-title \">\r\n        <div class=\" right_b  bg \">\r\n        \r\n        \t\r\n                <div class=\"soua-accordion-icon-left\">\r\n        <span class=\"sow-icon-fontawesome sow-far\" data-sow-icon=\"&#xf07c;\"\n\t\t \n\t\taria-hidden=\"true\"><\/span>        <\/div>\r\n    \t    \t\r\n        Technologie - Beratung\r\n        \r\n    \t<\/div>\r\n        <\/a>\r\n        <div class=\"soua-accordion-content\"  style=\"padding: 15px\"; > <p>&gt; Maschinenbau<br \/> &gt; Fertigungstechnik<br \/> &gt; Mechatronik<br \/> &gt; Str\u00f6mungsmechanik<br \/> &gt; Partikelstr\u00f6mung<br \/> &gt; Pr\u00fcfstandsbau<br \/> &gt; E-Mobilit\u00e4t<br \/> &gt; Energie- und<br \/> Stoffbetrachtungen<br \/> &gt; Bildverarbeitung<\/p>\n<\/div>\r\n    <\/div>\r\n        <div class=\"soua-accordion\">\r\n        <a class=\"soua-accordion-title \">\r\n        <div class=\" right_b  bg \">\r\n        \r\n        \t\r\n                <div class=\"soua-accordion-icon-left\">\r\n        <span class=\"sow-icon-fontawesome sow-far\" data-sow-icon=\"&#xf07c;\"\n\t\t \n\t\taria-hidden=\"true\"><\/span>        <\/div>\r\n    \t    \t\r\n        Konstruktionsmethodik\r\n        \r\n    \t<\/div>\r\n        <\/a>\r\n        <div class=\"soua-accordion-content\"  style=\"padding: 15px\"; > <p>&gt; Konstruktionsmethodik<br \/>\u00a0\u00a0 nach Pahl\/Beitz<br \/> &gt; moderne <br \/>\u00a0\u00a0 Konstruktionsmethodik<br \/>\u00a0\u00a0 f\u00fcr Anwendungen in <br \/>\u00a0\u00a0 3D-CAD-Systemen<br \/> &gt; Begleitung der Konstruktion<br \/>\u00a0\u00a0 bei unseren Kunden<br \/> &gt; Entwicklung von<br \/>\u00a0\u00a0 Baukastensystemen<br \/> &gt; Schulung<br \/> &gt; Unterst\u00fctzung der<br \/>\u00a0\u00a0 Konstruktion durch<br \/>\u00a0\u00a0 IT-Templates<\/p>\n<\/div>\r\n    <\/div>\r\n        <div class=\"soua-accordion\">\r\n        <a class=\"soua-accordion-title \">\r\n        <div class=\" right_b  bg \">\r\n        \r\n        \t\r\n                <div class=\"soua-accordion-icon-left\">\r\n        <span class=\"sow-icon-fontawesome sow-far\" data-sow-icon=\"&#xf07c;\"\n\t\t \n\t\taria-hidden=\"true\"><\/span>        <\/div>\r\n    \t    \t\r\n        Fertigungsoptimierung\r\n        \r\n    \t<\/div>\r\n        <\/a>\r\n        <div class=\"soua-accordion-content\"  style=\"padding: 15px\"; > <p>Methoden:<br \/> &gt; Prozessanalyse<br \/> &gt; Produktionsanalyse: eigene<br \/> &gt;\u00a0Rotordynamik: eigene<\/p>\n<p>Bereiche der Technik:<br \/> &gt; Montage<br \/> &gt; Pr\u00fcftechnik<br \/> &gt;\u00a0Zerspanung<br \/> &gt; HSC-Bearbeitung<\/p>\n<p>Bildverarbeitung:<br \/> &gt; Inline-Pr\u00fcftechnik<br \/> &gt; Quality-Inspection<br \/> &gt; Lichtschnittverfahren<br \/> &gt; Mikroskopie<\/p>\n<\/div>\r\n    <\/div>\r\n        <div class=\"soua-accordion\">\r\n        <a class=\"soua-accordion-title \">\r\n        <div class=\" right_b  bg \">\r\n        \r\n        \t\r\n                <div class=\"soua-accordion-icon-left\">\r\n        <span class=\"sow-icon-fontawesome sow-far\" data-sow-icon=\"&#xf07c;\"\n\t\t \n\t\taria-hidden=\"true\"><\/span>        <\/div>\r\n    \t    \t\r\n        Probleml\u00f6sungen\r\n        \r\n    \t<\/div>\r\n        <\/a>\r\n        <div class=\"soua-accordion-content\"  style=\"padding: 15px\"; > Anwendung verschiedener Methoden bis hin zur Detailbetrachtung z.B.\nBottom-up oder Top-down Betrachtungen.<\/div>\r\n    <\/div>\r\n        <div class=\"soua-accordion\">\r\n        <a class=\"soua-accordion-title \">\r\n        <div class=\" right_b  bg \">\r\n        \r\n        \t\r\n                <div class=\"soua-accordion-icon-left\">\r\n        <span class=\"sow-icon-fontawesome sow-far\" data-sow-icon=\"&#xf07c;\"\n\t\t \n\t\taria-hidden=\"true\"><\/span>        <\/div>\r\n    \t    \t\r\n        Nachhaltigkeit\r\n        \r\n    \t<\/div>\r\n        <\/a>\r\n        <div class=\"soua-accordion-content\"  style=\"padding: 15px\"; > Anwendung eigener Verfahren zur Untersuchung von Energieeinsatz und Stofffluss in Produkten und Prozessen\nbzw. Entwicklung, Konstruktion und Produktion.<\/div>\r\n    <\/div>\r\n        <div class=\"soua-accordion\">\r\n        <a class=\"soua-accordion-title \">\r\n        <div class=\" right_b  bg \">\r\n        \r\n        \t\r\n                <div class=\"soua-accordion-icon-left\">\r\n        <span class=\"sow-icon-fontawesome sow-far\" data-sow-icon=\"&#xf07c;\"\n\t\t \n\t\taria-hidden=\"true\"><\/span>        <\/div>\r\n    \t    \t\r\n        Coaching\r\n        \r\n    \t<\/div>\r\n        <\/a>\r\n        <div class=\"soua-accordion-content\"  style=\"padding: 15px\"; > Wir coachen mit unserem Know-How und unseren langj\u00e4hrigen Erfahrungen -\nweltweit bekannte Firmen, Start-ups, Forschungs- und Entwicklungseinrichtungen, Universit\u00e4ten, Lehrst\u00fchle und Institute.<\/div>\r\n    <\/div>\r\n        <div class=\"soua-accordion\">\r\n        <a class=\"soua-accordion-title \">\r\n        <div class=\" right_b  bg \">\r\n        \r\n        \t\r\n                <div class=\"soua-accordion-icon-left\">\r\n        <span class=\"sow-icon-fontawesome sow-far\" data-sow-icon=\"&#xf07c;\"\n\t\t \n\t\taria-hidden=\"true\"><\/span>        <\/div>\r\n    \t    \t\r\n        ISO 9001 Auditoren\r\n        \r\n    \t<\/div>\r\n        <\/a>\r\n        <div class=\"soua-accordion-content\"  style=\"padding: 15px\"; > Als international zugelassene ISO 9001 Auditoren f\u00fchren wir Audits durch und unterst\u00fctzen beratend bei der Umsetzung der entsprechenden Massnahmen.<\/div>\r\n    <\/div>\r\n        <div class=\"soua-accordion\">\r\n        <a class=\"soua-accordion-title \">\r\n        <div class=\" right_b  bg \">\r\n        \r\n        \t\r\n                <div class=\"soua-accordion-icon-left\">\r\n        <span class=\"sow-icon-fontawesome sow-far\" data-sow-icon=\"&#xf07c;\"\n\t\t \n\t\taria-hidden=\"true\"><\/span>        <\/div>\r\n    \t    \t\r\n        Berater - Netzwerk\r\n        \r\n    \t<\/div>\r\n        <\/a>\r\n        <div class=\"soua-accordion-content\"  style=\"padding: 15px\"; > <p>&gt; Ingenieure Maschinenbau<br \/> &gt; Ingenieure E-Technik<br \/> &gt; Ingenieure Mechatronik<br \/> &gt; IT-Spezialisten<br \/> &gt; Wirtschaftsingenieure MB<br \/> &gt; Betriebswirte<\/p>\n<p>mit langj\u00e4hrigen Erfahrungen und umfangreichem Know-How<\/p>\n<\/div>\r\n    <\/div>\r\n    <\/div><!-- \/ accordion -->\r\n\r\n<\/div><\/div><\/div><\/div><div id=\"pg-2-1\"  class=\"panel-grid panel-no-style\" ><div id=\"pgc-2-1-0\"  class=\"panel-grid-cell panel-grid-cell-empty\" ><\/div><div id=\"pgc-2-1-1\"  class=\"panel-grid-cell panel-grid-cell-empty\" ><\/div><div id=\"pgc-2-1-2\"  class=\"panel-grid-cell panel-grid-cell-empty panel-grid-cell-mobile-last\" ><\/div><div id=\"pgc-2-1-3\"  class=\"panel-grid-cell panel-grid-cell-empty\" ><\/div><\/div><\/div>","protected":false},"excerpt":{"rendered":"<p>F &amp; E Dynamische Systeme &gt; Schwingungsdynamik &gt; Rotordynamik &gt; Wuchten &gt;\u00a0Schleudern &gt;\u00a0Str\u00f6mungsmechanik &gt; Aerodynamik &gt; Thermodynamik &gt;\u00a0Bildverarbeitung Technologieentwicklung Wir entwickeln Ihre Anforderungen mit unserem Know-How und unseren Erfahrungen. F\u00fcr Entwicklungen zu Rotoren, E-Rotoren, Pr\u00fcfst\u00e4nden und Pr\u00fcfstandsmesstechniken bieten wir zus\u00e4tzlich Dienstleistungen in folgenden Drehzahlbereichen [&hellip;]<\/p>\n","protected":false},"author":1,"featured_media":0,"parent":0,"menu_order":1,"comment_status":"closed","ping_status":"closed","template":"","meta":{"footnotes":""},"class_list":["post-2","page","type-page","status-publish","hentry","post"],"_links":{"self":[{"href":"https:\/\/rotorq.de\/en\/wp-json\/wp\/v2\/pages\/2","targetHints":{"allow":["GET"]}}],"collection":[{"href":"https:\/\/rotorq.de\/en\/wp-json\/wp\/v2\/pages"}],"about":[{"href":"https:\/\/rotorq.de\/en\/wp-json\/wp\/v2\/types\/page"}],"author":[{"embeddable":true,"href":"https:\/\/rotorq.de\/en\/wp-json\/wp\/v2\/users\/1"}],"replies":[{"embeddable":true,"href":"https:\/\/rotorq.de\/en\/wp-json\/wp\/v2\/comments?post=2"}],"version-history":[{"count":293,"href":"https:\/\/rotorq.de\/en\/wp-json\/wp\/v2\/pages\/2\/revisions"}],"predecessor-version":[{"id":1541,"href":"https:\/\/rotorq.de\/en\/wp-json\/wp\/v2\/pages\/2\/revisions\/1541"}],"wp:attachment":[{"href":"https:\/\/rotorq.de\/en\/wp-json\/wp\/v2\/media?parent=2"}],"curies":[{"name":"wp","href":"https:\/\/api.w.org\/{rel}","templated":true}]}}