{"id":751,"date":"2017-03-12T12:44:38","date_gmt":"2017-03-12T11:44:38","guid":{"rendered":"http:\/\/ibmueller.com\/rotorq_wordpress\/?page_id=751"},"modified":"2021-05-19T12:23:29","modified_gmt":"2021-05-19T10:23:29","slug":"home","status":"publish","type":"page","link":"https:\/\/rotorq.de\/en\/","title":{"rendered":"Home"},"content":{"rendered":"<div id=\"pl-751\"  class=\"panel-layout\" ><div id=\"pg-751-0\"  class=\"panel-grid panel-no-style\" ><div id=\"pgc-751-0-0\"  class=\"panel-grid-cell\" ><div id=\"panel-751-0-0-0\" class=\"so-panel widget widget_sow-image panel-first-child\" data-index=\"0\" ><div\n\t\t\t\n\t\t\tclass=\"so-widget-sow-image so-widget-sow-image-default-8b5b6f678277-751\"\n\t\t\t\n\t\t>\n<div class=\"sow-image-container\">\n\t\t\t<a href=\"https:\/\/rotorq.de\/en\/dienstleistungen\/\"\n\t\t\t\t\t>\n\t\t\t<img \n\tsrc=\"https:\/\/rotorq.de\/wp-content\/uploads\/2017\/03\/Fotolia_106231715_S.jpg\" width=\"846\" height=\"539\" srcset=\"https:\/\/rotorq.de\/wp-content\/uploads\/2017\/03\/Fotolia_106231715_S.jpg 846w, https:\/\/rotorq.de\/wp-content\/uploads\/2017\/03\/Fotolia_106231715_S-300x191.jpg 300w, https:\/\/rotorq.de\/wp-content\/uploads\/2017\/03\/Fotolia_106231715_S-768x489.jpg 768w\" sizes=\"(max-width: 846px) 100vw, 846px\" title=\"Data.\" alt=\"\" \t\tclass=\"so-widget-image\"\/>\n\t\t\t<\/a><\/div>\n\n<\/div><\/div><div id=\"panel-751-0-0-1\" class=\"so-panel widget widget_text\" data-index=\"1\" ><h3 class=\"widget-title\">Dienstleistungen<\/h3>\t\t\t<div class=\"textwidget\">Dank unserer langj\u00e4hrigen Erfahrung, unseres Wissens und unserer Softskills k\u00f6nnen wir unseren Kunden wesentliche Wettbewerbsvorteile bieten. Dabei tr\u00e4gt unsere hohe Motivation zur entscheidenden technischen Verbesserung unserer Dienstleistungen und Produkte bei.\nUnser verantwortlicher Umgang mit Energien, Stoffen und zugeh\u00f6rigen Informationen findet Eingang in nachhaltige Produkte, Prozesse und Konzepte unserer Kunden.\n\nAuf dieser Basis arbeiten wir f\u00fcr unsere Kunden in Forschung und Entwicklung, im Engineering, im nationalen und internationalen Projektmanagement, in der Beratung, im Coaching und in der Entwicklung sowie der Umsetzung von High-Tech-Systemen.\n\n\n\n<\/div>\n\t\t<\/div><div id=\"panel-751-0-0-2\" class=\"so-panel widget widget_sow-button\" data-index=\"2\" ><div\n\t\t\t\n\t\t\tclass=\"so-widget-sow-button so-widget-sow-button-flat-fd187492f7fd-751\"\n\t\t\t\n\t\t><div class=\"ow-button-base ow-button-align-justify\"\n style=\"display: block;\">\n\t\t\t<a\n\t\t\t\t\thref=\"https:\/\/rotorq.de\/en\/dienstleistungen\/\"\n\t\t\t\t\tclass=\"sowb-button ow-icon-placement-left ow-button-hover\" \t>\n\t\t<span>\n\t\t\t<span class=\"sow-icon-fontawesome sow-fas\" data-sow-icon=\"&#xf061;\"\n\t\tstyle=\"color: #ffffff\" \n\t\taria-hidden=\"true\"><\/span>\n\t\t\tForschung &amp; Entwicklung\t\t<\/span>\n\t\t\t<\/a>\n\t<\/div>\n<\/div><\/div><div id=\"panel-751-0-0-3\" class=\"so-panel widget widget_sow-button\" data-index=\"3\" ><div\n\t\t\t\n\t\t\tclass=\"so-widget-sow-button so-widget-sow-button-flat-fd187492f7fd-751\"\n\t\t\t\n\t\t><div class=\"ow-button-base ow-button-align-justify\"\n style=\"display: block;\">\n\t\t\t<a\n\t\t\t\t\thref=\"https:\/\/rotorq.de\/en\/dienstleistungen\/\"\n\t\t\t\t\tclass=\"sowb-button ow-icon-placement-left ow-button-hover\" \t>\n\t\t<span>\n\t\t\t<span class=\"sow-icon-fontawesome sow-fas\" data-sow-icon=\"&#xf061;\"\n\t\tstyle=\"color: #ffffff\" \n\t\taria-hidden=\"true\"><\/span>\n\t\t\tEngineering\t\t<\/span>\n\t\t\t<\/a>\n\t<\/div>\n<\/div><\/div><div id=\"panel-751-0-0-4\" class=\"so-panel widget widget_sow-button\" data-index=\"4\" ><div\n\t\t\t\n\t\t\tclass=\"so-widget-sow-button so-widget-sow-button-flat-fd187492f7fd-751\"\n\t\t\t\n\t\t><div class=\"ow-button-base ow-button-align-justify\"\n style=\"display: block;\">\n\t\t\t<a\n\t\t\t\t\thref=\"https:\/\/rotorq.de\/en\/dienstleistungen\/\"\n\t\t\t\t\tclass=\"sowb-button ow-icon-placement-left ow-button-hover\" \t>\n\t\t<span>\n\t\t\t<span class=\"sow-icon-fontawesome sow-fas\" data-sow-icon=\"&#xf061;\"\n\t\tstyle=\"color: #ffffff\" \n\t\taria-hidden=\"true\"><\/span>\n\t\t\tProjektmanagement\t\t<\/span>\n\t\t\t<\/a>\n\t<\/div>\n<\/div><\/div><div id=\"panel-751-0-0-5\" class=\"so-panel widget widget_sow-button panel-last-child\" data-index=\"5\" ><div\n\t\t\t\n\t\t\tclass=\"so-widget-sow-button so-widget-sow-button-flat-fd187492f7fd-751\"\n\t\t\t\n\t\t><div class=\"ow-button-base ow-button-align-justify\"\n style=\"display: block;\">\n\t\t\t<a\n\t\t\t\t\thref=\"https:\/\/rotorq.de\/en\/dienstleistungen\/\"\n\t\t\t\t\tclass=\"sowb-button ow-icon-placement-left ow-button-hover\" \t>\n\t\t<span>\n\t\t\t<span class=\"sow-icon-fontawesome sow-fas\" data-sow-icon=\"&#xf061;\"\n\t\tstyle=\"color: #ffffff\" \n\t\taria-hidden=\"true\"><\/span>\n\t\t\tTechnologie - Beratung\t\t<\/span>\n\t\t\t<\/a>\n\t<\/div>\n<\/div><\/div><\/div><div id=\"pgc-751-0-1\"  class=\"panel-grid-cell\" ><div id=\"panel-751-0-1-0\" class=\"so-panel widget widget_sow-image panel-first-child\" data-index=\"6\" ><div\n\t\t\t\n\t\t\tclass=\"so-widget-sow-image so-widget-sow-image-default-8b5b6f678277-751\"\n\t\t\t\n\t\t>\n<div class=\"sow-image-container\">\n\t\t\t<a href=\"https:\/\/rotorq.de\/en\/produkte\/\"\n\t\t\t\t\t>\n\t\t\t<img \n\tsrc=\"https:\/\/rotorq.de\/wp-content\/uploads\/2017\/06\/Fotolia_115511688_S.jpg\" width=\"846\" height=\"539\" srcset=\"https:\/\/rotorq.de\/wp-content\/uploads\/2017\/06\/Fotolia_115511688_S.jpg 846w, https:\/\/rotorq.de\/wp-content\/uploads\/2017\/06\/Fotolia_115511688_S-300x191.jpg 300w, https:\/\/rotorq.de\/wp-content\/uploads\/2017\/06\/Fotolia_115511688_S-768x489.jpg 768w\" sizes=\"(max-width: 846px) 100vw, 846px\" title=\"System.\" alt=\"\" \t\tclass=\"so-widget-image\"\/>\n\t\t\t<\/a><\/div>\n\n<\/div><\/div><div id=\"panel-751-0-1-1\" class=\"so-panel widget widget_text\" data-index=\"7\" ><h3 class=\"widget-title\">Produkte<\/h3>\t\t\t<div class=\"textwidget\">F\u00fcr unsere Kunden entwickeln, konstruieren und realisieren wir Produkte, wie Pr\u00fcfst\u00e4nde f\u00fcr hochschnelldrehende Maschinen, Baugruppen und Bauteile f\u00fcr dynamische und hochdynamische Systeme mit nachhaltigen Anforderungen. Das Spektrum der Produktgenese reicht dabei von rein mechanischen bis zu komplexen, mechatronischen Anlagen. \nHierzu z\u00e4hlen ebenso Produkte der Elektromobilit\u00e4t als auch Produkte zur mechanischen Energiespeicherung.\nAufgrund unserer Software-Expertise unterst\u00fctzen wir unsere Gesch\u00e4ftspartner bei Steuerungsaufgaben ihrer Maschinen oder Anlagen. Seit 2012 erstellen wir im Sinne des i4 (Industrie 4.0) Applikationen, Apps, im mechatronischen Umfeld.\n<\/div>\n\t\t<\/div><div id=\"panel-751-0-1-2\" class=\"so-panel widget widget_sow-button\" data-index=\"8\" ><div\n\t\t\t\n\t\t\tclass=\"so-widget-sow-button so-widget-sow-button-flat-fd187492f7fd-751\"\n\t\t\t\n\t\t><div class=\"ow-button-base ow-button-align-justify\"\n style=\"display: block;\">\n\t\t\t<a\n\t\t\t\t\thref=\"https:\/\/rotorq.de\/en\/produkte\/\"\n\t\t\t\t\tclass=\"sowb-button ow-icon-placement-left ow-button-hover\" \t>\n\t\t<span>\n\t\t\t<span class=\"sow-icon-fontawesome sow-fas\" data-sow-icon=\"&#xf061;\"\n\t\tstyle=\"color: #ffffff\" \n\t\taria-hidden=\"true\"><\/span>\n\t\t\tHightech-Systeme\t\t<\/span>\n\t\t\t<\/a>\n\t<\/div>\n<\/div><\/div><div id=\"panel-751-0-1-3\" class=\"so-panel widget widget_sow-button\" data-index=\"9\" ><div\n\t\t\t\n\t\t\tclass=\"so-widget-sow-button so-widget-sow-button-flat-fd187492f7fd-751\"\n\t\t\t\n\t\t><div class=\"ow-button-base ow-button-align-justify\"\n style=\"display: block;\">\n\t\t\t<a\n\t\t\t\t\thref=\"https:\/\/rotorq.de\/en\/produkte\/\"\n\t\t\t\t\tclass=\"sowb-button ow-icon-placement-left ow-button-hover\" \t>\n\t\t<span>\n\t\t\t<span class=\"sow-icon-fontawesome sow-fas\" data-sow-icon=\"&#xf061;\"\n\t\tstyle=\"color: #ffffff\" \n\t\taria-hidden=\"true\"><\/span>\n\t\t\tIndustrie 4.0\t\t<\/span>\n\t\t\t<\/a>\n\t<\/div>\n<\/div><\/div><div id=\"panel-751-0-1-4\" class=\"so-panel widget widget_sow-button panel-last-child\" data-index=\"10\" ><div\n\t\t\t\n\t\t\tclass=\"so-widget-sow-button so-widget-sow-button-flat-fd187492f7fd-751\"\n\t\t\t\n\t\t><div class=\"ow-button-base ow-button-align-justify\"\n style=\"display: block;\">\n\t\t\t<a\n\t\t\t\t\thref=\"https:\/\/rotorq.de\/en\/produkte\/\"\n\t\t\t\t\tclass=\"sowb-button ow-icon-placement-left ow-button-hover\" \t>\n\t\t<span>\n\t\t\t<span class=\"sow-icon-fontawesome sow-fas\" data-sow-icon=\"&#xf061;\"\n\t\tstyle=\"color: #ffffff\" \n\t\taria-hidden=\"true\"><\/span>\n\t\t\tAPPs\t\t<\/span>\n\t\t\t<\/a>\n\t<\/div>\n<\/div><\/div><\/div><\/div><div id=\"pg-751-1\"  class=\"panel-grid panel-no-style\" ><div id=\"pgc-751-1-0\"  class=\"panel-grid-cell panel-grid-cell-empty panel-grid-cell-mobile-last\" ><\/div><div id=\"pgc-751-1-1\"  class=\"panel-grid-cell panel-grid-cell-empty\" ><\/div><\/div><div id=\"pg-751-2\"  class=\"panel-grid panel-no-style\" ><div id=\"pgc-751-2-0\"  class=\"panel-grid-cell panel-grid-cell-empty panel-grid-cell-mobile-last\" ><\/div><div id=\"pgc-751-2-1\"  class=\"panel-grid-cell panel-grid-cell-empty\" ><\/div><\/div><\/div>","protected":false},"excerpt":{"rendered":"<p>Dank unserer langj\u00e4hrigen Erfahrung, unseres Wissens und unserer Softskills k\u00f6nnen wir unseren Kunden wesentliche Wettbewerbsvorteile bieten. Dabei tr\u00e4gt unsere hohe Motivation zur entscheidenden technischen Verbesserung unserer Dienstleistungen und Produkte bei. Unser verantwortlicher Umgang mit Energien, Stoffen und zugeh\u00f6rigen Informationen findet Eingang in nachhaltige Produkte, [&hellip;]<\/p>\n","protected":false},"author":1,"featured_media":0,"parent":0,"menu_order":0,"comment_status":"closed","ping_status":"closed","template":"","meta":{"footnotes":""},"class_list":["post-751","page","type-page","status-publish","hentry","post"],"_links":{"self":[{"href":"https:\/\/rotorq.de\/en\/wp-json\/wp\/v2\/pages\/751","targetHints":{"allow":["GET"]}}],"collection":[{"href":"https:\/\/rotorq.de\/en\/wp-json\/wp\/v2\/pages"}],"about":[{"href":"https:\/\/rotorq.de\/en\/wp-json\/wp\/v2\/types\/page"}],"author":[{"embeddable":true,"href":"https:\/\/rotorq.de\/en\/wp-json\/wp\/v2\/users\/1"}],"replies":[{"embeddable":true,"href":"https:\/\/rotorq.de\/en\/wp-json\/wp\/v2\/comments?post=751"}],"version-history":[{"count":84,"href":"https:\/\/rotorq.de\/en\/wp-json\/wp\/v2\/pages\/751\/revisions"}],"predecessor-version":[{"id":1505,"href":"https:\/\/rotorq.de\/en\/wp-json\/wp\/v2\/pages\/751\/revisions\/1505"}],"wp:attachment":[{"href":"https:\/\/rotorq.de\/en\/wp-json\/wp\/v2\/media?parent=751"}],"curies":[{"name":"wp","href":"https:\/\/api.w.org\/{rel}","templated":true}]}}